{"id":2002,"date":"2021-02-16T11:43:58","date_gmt":"2021-02-16T11:43:58","guid":{"rendered":"https:\/\/web.friendlycaptcha.com\/?page_id=2002"},"modified":"2025-02-04T14:24:02","modified_gmt":"2025-02-04T13:24:02","slug":"imprint","status":"publish","type":"page","link":"https:\/\/friendlycaptcha.com\/de\/legal\/imprint\/","title":{"rendered":"Impressum"},"content":{"rendered":"<p>Friendly Captcha GmbH<br>Am Anger 3-5<br>82237 W\u00f6rthsee<br>Deutschland<\/p>\n\n\n\n<h4 class=\"wp-block-heading\">Kontakt<\/h4>\n\n\n\n<p>Ben\u00f6tigen Sie Unterst\u00fctzung? <a href=\"\/de\/support\/\">Support-Center besuchen<\/a><br>Sie haben Fragen? <a href=\"\/de\/contact\/sales\/\">Vertrieb kontaktieren<\/a><\/p>\n\n\n\n<p>Bitte beachten Sie, dass wir keinen telefonischen Support anbieten.<br>Wir sind per Online-Formular schnell und zuverl\u00e4ssig f\u00fcr Sie da.<\/p>\n\n\n\nTelefon: +49 89 21 54 8 11 80<br>\nE-Mail: hello@friendlycaptcha.com<br>\nWeb: www.friendlycaptcha.com\n\n\n\n<h4 class=\"wp-block-heading\">Marken<\/h4>\n\n\n\n<p>Friendly Captcha\u00ae, FriendlyCaptcha\u00ae, Prevent Bots. Ensure Privacy.\u2122 und das Friendly Captcha-Symbol\u00ae sind Marken der Friendly Captcha GmbH und d\u00fcrfen nicht ohne schriftliche Genehmigung des Rechteinhabers verwendet werden.<\/p>\n\n\n\n<h4 class=\"wp-block-heading\">Markenagentur<\/h4>\n\n\n\n<p>Dieses medien\u00fcbergreifende Markenerlebnis wurde gestaltet von <a href=\"https:\/\/interlink.org\/de\/?utm_source=existingclient&amp;utm_medium=imprint&amp;utm_campaign=brandexperience&amp;utm_content=textlink\" target=\"_blank\" rel=\"noreferrer noopener\">Interlink<\/a>.<\/p>\n\n\n\n<h4 class=\"wp-block-heading\">Gesch\u00e4ftsf\u00fchrung<\/h4>\n\n\n\n<p>Vorsitzender der Gesch\u00e4ftsf\u00fchrung: Benedict Padberg<\/p>\n\n\n\n<h4 class=\"wp-block-heading\">Registereintrag<\/h4>\n\n\n\n<p>Registernummer: HRB 260542<br>Registergericht: M\u00fcnchen, Deutschland<\/p>\n\n\n\n<h4 class=\"wp-block-heading\">Umsatzsteuer-Identifikationsnummer<\/h4>\n\n\n\n<p>DE 337258605<\/p>\n\n\n\n<h4 class=\"wp-block-heading\">Herausgeber<\/h4>\n\n\n\n<p>Friendly Captcha GmbH<br>Am Anger 3-5<br>82237 W\u00f6rthsee<br>Deutschland<\/p>\n\n\n\n<h4 class=\"wp-block-heading\">Datenschutzbeauftragter<\/h4>\n\n\n\n<p>Dr. Sebastian Kraska<br>IITR Datenschutz GmbH<\/p>\n\n\n\n<h4 class=\"wp-block-heading\">Quellenangaben f\u00fcr Bilder und Grafiken<\/h4>\n\n\n\n<p><a href=\"https:\/\/friendlycaptcha.com\/de\/\" data-type=\"link\" data-id=\"https:\/\/friendlycaptcha.com\">Friendly Captcha<\/a><\/p>\n\n\n\n<p><a href=\"https:\/\/interlink.org\/de\/?utm_source=existingclient&amp;utm_medium=imprint&amp;utm_campaign=imagesource&amp;utm_content=textlink\" data-type=\"link\" data-id=\"https:\/\/interlink.org\/?utm_source=existingclient&amp;utm_medium=imprint&amp;utm_campaign=imagesource&amp;utm_content=textlink\" target=\"_blank\" rel=\"noopener\">Interlink Organization<\/a><\/p>\n\n\n\n<p><a href=\"https:\/\/interlinkspace.com\/de\/\" data-type=\"link\" data-id=\"https:\/\/interlinkspace.com\" target=\"_blank\" rel=\"noopener\">Interlink Coworking Space M\u00fcnchen<\/a><\/p>\n\n\n\n<h4 class=\"wp-block-heading\">Haftungsausschluss<\/h4>\n\n\n\n<h5 class=\"wp-block-heading\">Verantwortlichkeit f\u00fcr Inhalte<\/h5>\n\n\n\n<p>Die Inhalte unserer Seiten wurden mit gr\u00f6\u00dfter Sorgfalt erstellt. F\u00fcr die Richtigkeit, Vollst\u00e4ndigkeit und Aktualit\u00e4t der Inhalte k\u00f6nnen wir jedoch keine Gew\u00e4hr \u00fcbernehmen. Gem\u00e4\u00df den gesetzlichen Bestimmungen sind wir dar\u00fcber hinaus f\u00fcr unsere eigenen Inhalte auf diesen Webseiten verantwortlich. In diesem Zusammenhang weisen wir darauf hin, dass wir dementsprechend nicht verpflichtet sind, lediglich die \u00fcbermittelten oder gespeicherten Informationen Dritter zu \u00fcberwachen oder Umst\u00e4nde zu untersuchen, die auf eine rechtswidrige T\u00e4tigkeit hinweisen.<\/p>\n\n\n\n<h5 class=\"wp-block-heading\">Haftung f\u00fcr Links<\/h5>\n\n\n\n<p>F\u00fcr den Inhalt externer Links (zu Webseiten Dritter) sind ausschlie\u00dflich die Betreiber der verlinkten Seiten verantwortlich. Zum Zeitpunkt der Verlinkung waren uns keine Verst\u00f6\u00dfe bekannt. Sollte uns eine Rechtsverletzung bekannt werden, werden wir den entsprechenden Link umgehend entfernen.<\/p>\n\n\n\n<h5 class=\"wp-block-heading\">Urheberrecht<\/h5>\n\n\n\n<p>Unsere Webseiten und deren Inhalte unterliegen dem deutschen Urheberrecht. Sofern nicht ausdr\u00fccklich gesetzlich zul\u00e4ssig, bedarf jede Form der Nutzung, Vervielf\u00e4ltigung oder Bearbeitung von urheberrechtlich gesch\u00fctzten Werken auf unseren Webseiten der vorherigen Zustimmung des jeweiligen Rechteinhabers. Einzelne Vervielf\u00e4ltigungen eines Werkes sind nur f\u00fcr den privaten Gebrauch gestattet, d\u00fcrfen also weder direkt noch indirekt dem Verdienst dienen. Die unbefugte Nutzung urheberrechtlich gesch\u00fctzter Werke ist strafbar.<\/p>","protected":false},"excerpt":{"rendered":"<p>Friendly Captcha GmbHAm Anger 3-582237 WoerthseeGermany Contact Looking for support? Visit support centerHave any questions? Contact sales team Please note that we do not provide phone support.We are quickly and reliably there for you via online form. Phone: +49 89 21 54 8 11 80 Email: &#104;&#101;&#108;&#108;&#111;&#64;&#102;&#114;&#105;&#101;&#110;&#100;&#108;&#121;&#99;&#97;&#112;&#116;&#99;&#104;&#97;&#46;&#99;&#111;&#109; Web: www.friendlycaptcha.com Trademarks Friendly Captcha\u00ae, FriendlyCaptcha\u00ae, Prevent Bots. [&hellip;]<\/p>\n","protected":false},"author":1,"featured_media":0,"parent":1877,"menu_order":0,"comment_status":"closed","ping_status":"closed","template":"","meta":{"inline_featured_image":false,"footnotes":""},"class_list":["post-2002","page","type-page","status-publish","hentry"],"_links":{"self":[{"href":"https:\/\/friendlycaptcha.com\/de\/wp-json\/wp\/v2\/pages\/2002","targetHints":{"allow":["GET"]}}],"collection":[{"href":"https:\/\/friendlycaptcha.com\/de\/wp-json\/wp\/v2\/pages"}],"about":[{"href":"https:\/\/friendlycaptcha.com\/de\/wp-json\/wp\/v2\/types\/page"}],"author":[{"embeddable":true,"href":"https:\/\/friendlycaptcha.com\/de\/wp-json\/wp\/v2\/users\/1"}],"replies":[{"embeddable":true,"href":"https:\/\/friendlycaptcha.com\/de\/wp-json\/wp\/v2\/comments?post=2002"}],"version-history":[{"count":0,"href":"https:\/\/friendlycaptcha.com\/de\/wp-json\/wp\/v2\/pages\/2002\/revisions"}],"up":[{"embeddable":true,"href":"https:\/\/friendlycaptcha.com\/de\/wp-json\/wp\/v2\/pages\/1877"}],"wp:attachment":[{"href":"https:\/\/friendlycaptcha.com\/de\/wp-json\/wp\/v2\/media?parent=2002"}],"curies":[{"name":"wp","href":"https:\/\/api.w.org\/{rel}","templated":true}]}}