{"id":2002,"date":"2021-02-16T11:43:58","date_gmt":"2021-02-16T11:43:58","guid":{"rendered":"https:\/\/web.friendlycaptcha.com\/?page_id=2002"},"modified":"2025-02-04T14:24:02","modified_gmt":"2025-02-04T13:24:02","slug":"imprint","status":"publish","type":"page","link":"https:\/\/friendlycaptcha.com\/es\/legal\/imprint\/","title":{"rendered":"Pie de imprenta"},"content":{"rendered":"<p>Friendly Captcha GmbH<br>Am Anger 3-5<br>82237 Woerthsee<br>Alemania<\/p>\n\n\n\n<h4 class=\"wp-block-heading\">P\u00f3ngase en contacto con<\/h4>\n\n\n\n<p>\u00bfNecesita asistencia? <a href=\"\/es\/support\/\">Visite el centro de asistencia<\/a><br>\u00bfTiene alguna pregunta? <a href=\"\/es\/contact\/sales\/\">Contacte con nuestro equipo<\/a><\/p>\n\n\n\n<p>Tenga en cuenta que no ofrecemos asistencia telef\u00f3nica.<br>Estamos a su disposici\u00f3n de forma r\u00e1pida y fiable a trav\u00e9s del formulario en l\u00ednea.<\/p>\n\n\n\nTel: +49 89 21 54 8 11 80<br>\nCorreo electr\u00f3nico: hello@friendlycaptcha.com<br>\nWeb: www.friendlycaptcha.com\n\n\n\n<h4 class=\"wp-block-heading\">Marcas<\/h4>\n\n\n\n<p>Friendly Captcha\u00ae, FriendlyCaptcha\u00ae, Prevent Bots. Ensure Privacy.\u2122 y el s\u00edmbolo Friendly Captcha\u00ae son marcas registradas de Friendly Captcha GmbH y no pueden utilizarse sin la aprobaci\u00f3n por escrito del titular de los derechos.<\/p>\n\n\n\n<h4 class=\"wp-block-heading\">Agencia de marca<\/h4>\n\n\n\n<p>Esta experiencia de marca multimedia fue dise\u00f1ada por <a href=\"https:\/\/interlink.org\/?utm_source=existingclient&amp;utm_medium=imprint&amp;utm_campaign=brandexperience&amp;utm_content=textlink\" target=\"_blank\" rel=\"noreferrer noopener\">Interlink<\/a>.<\/p>\n\n\n\n<h4 class=\"wp-block-heading\">Comit\u00e9 Ejecutivo<\/h4>\n\n\n\n<p>Director General: Benedict A. Padberg<\/p>\n\n\n\n<h4 class=\"wp-block-heading\">Inscripci\u00f3n en el registro<\/h4>\n\n\n\n<p>N\u00famero de registro: HRB 260542<br>Tribunal de registro: Munich, Alemania<\/p>\n\n\n\n<h4 class=\"wp-block-heading\">N\u00famero de IVA<\/h4>\n\n\n\n<p>DE 337258605<\/p>\n\n\n\n<h4 class=\"wp-block-heading\">Redactor jur\u00eddico<\/h4>\n\n\n\n<p>Friendly Captcha GmbH<br>Am Anger 3-5<br>82237 Woerthsee<br>Alemania<\/p>\n\n\n\n<h4 class=\"wp-block-heading\">Responsable de protecci\u00f3n de datos<\/h4>\n\n\n\n<p>Dr. Sebastian Kraska<br>IITR Datenschutz GmbH<\/p>\n\n\n\n<h4 class=\"wp-block-heading\">Fuentes de im\u00e1genes y gr\u00e1ficos<\/h4>\n\n\n\n<p><a href=\"https:\/\/friendlycaptcha.com\/es\/\" data-type=\"link\" data-id=\"https:\/\/friendlycaptcha.com\">Friendly Captcha<\/a><\/p>\n\n\n\n<p><a href=\"https:\/\/interlink.org\/?utm_source=existingclient&amp;utm_medium=imprint&amp;utm_campaign=imagesource&amp;utm_content=textlink\" data-type=\"link\" data-id=\"https:\/\/interlink.org\/?utm_source=existingclient&amp;utm_medium=imprint&amp;utm_campaign=imagesource&amp;utm_content=textlink\" target=\"_blank\" rel=\"noopener\">Organizaci\u00f3n Interlink<\/a><\/p>\n\n\n\n<p><a href=\"https:\/\/interlinkspace.com\" data-type=\"link\" data-id=\"https:\/\/interlinkspace.com\" target=\"_blank\" rel=\"noopener\">Interlink Coworking Space M\u00fanich<\/a><\/p>\n\n\n\n<h4 class=\"wp-block-heading\">Descargo de responsabilidad<\/h4>\n\n\n\n<h5 class=\"wp-block-heading\">Responsabilidad por los contenidos<\/h5>\n\n\n\n<p>Los contenidos de nuestras p\u00e1ginas se han elaborado con el m\u00e1ximo cuidado. Sin embargo, no podemos garantizar la exactitud, integridad o actualidad de los contenidos. De acuerdo con las disposiciones legales, somos adem\u00e1s responsables de nuestros propios contenidos en estas p\u00e1ginas web. En este contexto, tenga en cuenta que, en consecuencia, no estamos obligados a controlar \u00fanicamente la informaci\u00f3n transmitida o guardada por terceros, ni a investigar circunstancias que apunten a una actividad ilegal.<\/p>\n\n\n\n<h5 class=\"wp-block-heading\">Responsabilidad de los enlaces<\/h5>\n\n\n\n<p>La responsabilidad del contenido de los enlaces externos (a p\u00e1ginas web de terceros) recae exclusivamente en los operadores de las p\u00e1ginas enlazadas. En el momento de establecer el enlace no ten\u00edamos conocimiento de ninguna infracci\u00f3n. En caso de que tengamos conocimiento de alguna infracci\u00f3n legal, eliminaremos inmediatamente el enlace correspondiente.<\/p>\n\n\n\n<h5 class=\"wp-block-heading\">Copyright<\/h5>\n\n\n\n<p>Nuestras p\u00e1ginas web y sus contenidos est\u00e1n sujetos a la legislaci\u00f3n alemana sobre derechos de autor. A menos que est\u00e9 expresamente permitido por la ley, cualquier forma de utilizaci\u00f3n, reproducci\u00f3n o procesamiento de obras sujetas a protecci\u00f3n de derechos de autor en nuestras p\u00e1ginas web requiere el consentimiento previo del respectivo titular de los derechos. Las reproducciones individuales de una obra s\u00f3lo est\u00e1n permitidas para uso privado, por lo que no deben servir ni directa ni indirectamente para obtener ganancias. La utilizaci\u00f3n no autorizada de obras protegidas por derechos de autor es punible.<\/p>","protected":false},"excerpt":{"rendered":"<p>Friendly Captcha GmbHAm Anger 3-582237 WoerthseeGermany Contact Looking for support? Visit support centerHave any questions? Contact sales team Please note that we do not provide phone support.We are quickly and reliably there for you via online form. Phone: +49 89 21 54 8 11 80 Email: &#104;&#101;&#108;&#108;&#111;&#64;&#102;&#114;&#105;&#101;&#110;&#100;&#108;&#121;&#99;&#97;&#112;&#116;&#99;&#104;&#97;&#46;&#99;&#111;&#109; Web: www.friendlycaptcha.com Trademarks Friendly Captcha\u00ae, FriendlyCaptcha\u00ae, Prevent Bots. [&hellip;]<\/p>\n","protected":false},"author":1,"featured_media":0,"parent":1877,"menu_order":0,"comment_status":"closed","ping_status":"closed","template":"","meta":{"inline_featured_image":false,"footnotes":""},"class_list":["post-2002","page","type-page","status-publish","hentry"],"_links":{"self":[{"href":"https:\/\/friendlycaptcha.com\/es\/wp-json\/wp\/v2\/pages\/2002","targetHints":{"allow":["GET"]}}],"collection":[{"href":"https:\/\/friendlycaptcha.com\/es\/wp-json\/wp\/v2\/pages"}],"about":[{"href":"https:\/\/friendlycaptcha.com\/es\/wp-json\/wp\/v2\/types\/page"}],"author":[{"embeddable":true,"href":"https:\/\/friendlycaptcha.com\/es\/wp-json\/wp\/v2\/users\/1"}],"replies":[{"embeddable":true,"href":"https:\/\/friendlycaptcha.com\/es\/wp-json\/wp\/v2\/comments?post=2002"}],"version-history":[{"count":0,"href":"https:\/\/friendlycaptcha.com\/es\/wp-json\/wp\/v2\/pages\/2002\/revisions"}],"up":[{"embeddable":true,"href":"https:\/\/friendlycaptcha.com\/es\/wp-json\/wp\/v2\/pages\/1877"}],"wp:attachment":[{"href":"https:\/\/friendlycaptcha.com\/es\/wp-json\/wp\/v2\/media?parent=2002"}],"curies":[{"name":"wp","href":"https:\/\/api.w.org\/{rel}","templated":true}]}}