{"id":1881,"date":"2021-02-15T16:49:25","date_gmt":"2021-02-15T16:49:25","guid":{"rendered":"https:\/\/web.friendlycaptcha.com\/?page_id=1881"},"modified":"2024-07-08T16:49:48","modified_gmt":"2024-07-08T14:49:48","slug":"privacy-end-users","status":"publish","type":"page","link":"https:\/\/friendlycaptcha.com\/fr\/legal\/privacy-end-users\/","title":{"rendered":"Politique de confidentialit\u00e9 pour les utilisateurs finaux"},"content":{"rendered":"<p>Friendly Captcha prot\u00e8ge les sites web et les services en ligne contre le spam et les abus. En utilisant la preuve de travail, notre solution emploie une approche fondamentalement nouvelle de la pr\u00e9vention du spam et ne d\u00e9pend donc pas du suivi des utilisateurs et de l'exploitation des donn\u00e9es personnelles.<\/p>\n\n\n\n<p>Nous accordons une grande importance \u00e0 la protection de votre vie priv\u00e9e. Chez Friendly Captcha, nous avons quelques principes fondamentaux :<\/p>\n\n\n\n<ul class=\"wp-block-list\">\n<li>Nous sommes attentifs aux informations que nous recueillons dans le cadre de nos services.<\/li>\n\n\n\n<li>Nous ne conservons les informations qu'aussi longtemps que nous avons une raison de les garder.<\/li>\n\n\n\n<li>Notre objectif est de vous permettre de garder le contr\u00f4le de vos donn\u00e9es le plus simplement possible.<\/li>\n\n\n\n<li>Nous contribuons \u00e0 vous prot\u00e9ger contre les demandes excessives du gouvernement concernant vos informations.<\/li>\n\n\n\n<li>Nous visons une transparence totale sur la mani\u00e8re dont nous recueillons, utilisons et partageons les informations.<\/li>\n<\/ul>\n\n\n\n<p><\/p>\n\n\n\n<p>Vous trouverez ci-dessous des informations sur la protection de la vie priv\u00e9e \u00e0 l'intention des utilisateurs finaux, qui int\u00e8grent ces principes.<\/p>\n\n\n\n<p>Les utilisateurs du service sont ceux qui int\u00e8grent notre service dans leur site web.<br>Les utilisateurs finaux sont des personnes qui interagissent avec notre service par l'interm\u00e9diaire des sites web de nos utilisateurs de services.<\/p>\n\n\n\n<p>Friendly Captcha agit en tant que processeur de donn\u00e9es lorsqu'il fournit des fonctions de protection. L'utilisateur du service, en tant que responsable du traitement des donn\u00e9es, est charg\u00e9 de respecter les obligations en mati\u00e8re de protection de la vie priv\u00e9e pour son site web.<\/p>\n\n\n\n<p>L'utilisateur du service fournit la politique de confidentialit\u00e9 applicable aux utilisateurs finaux pour son utilisation sp\u00e9cifique de Friendly Captcha sur son site web.<\/p>\n\n\n\n<h3 class=\"wp-block-heading\">Informations sur la protection de la vie priv\u00e9e pour les utilisateurs finaux<\/h3>\n\n\n\n<p><a href=\"https:\/\/friendlycaptcha.com\/fr\/\" data-type=\"link\" data-id=\"https:\/\/friendlycaptcha.com\" target=\"_blank\" rel=\"noreferrer noopener\">Friendly Captcha<\/a> est une solution de protection innovante et respectueuse de la vie priv\u00e9e, con\u00e7ue pour rendre plus difficile l'utilisation des sites web par des programmes et des scripts automatis\u00e9s (\"bots\"). Friendly Captcha prot\u00e8ge ainsi les sites web contre les abus.&nbsp;<\/p>\n\n\n\n<p>L'utilisateur du service int\u00e8gre le code de programme de Friendly Captcha dans certaines parties de son site web (par exemple, dans un formulaire de contact). Cela signifie que l'appareil du visiteur se connecte aux serveurs de Friendly Captcha dans le contexte de la zone prot\u00e9g\u00e9e (par exemple, lors de l'envoi d'un formulaire de contact).<\/p>\n\n\n\n<p>Le navigateur du visiteur re\u00e7oit un puzzle de Friendly Captcha. La complexit\u00e9 de l'\u00e9nigme d\u00e9pend de divers facteurs de risque. L'appareil du visiteur r\u00e9sout l'\u00e9nigme en utilisant certaines ressources du syst\u00e8me et envoie la solution au serveur web de l'utilisateur du service. Le serveur de l'utilisateur du service contacte le serveur de Friendly Captcha via une interface et re\u00e7oit une r\u00e9ponse indiquant si l'\u00e9nigme a \u00e9t\u00e9 correctement r\u00e9solue par l'appareil final.<\/p>\n\n\n\n<p>Le navigateur du visiteur transmet \u00e0 Friendly Captcha des donn\u00e9es de connexion, des donn\u00e9es d'environnement, des donn\u00e9es d'interaction et des donn\u00e9es fonctionnelles. Friendly Captcha analyse ces donn\u00e9es et d\u00e9termine la probabilit\u00e9 que le visiteur soit un utilisateur humain ou un robot ; il transmet ensuite le r\u00e9sultat \u00e0 l'utilisateur du service.<\/p>\n\n\n\n<p>En fonction de ce r\u00e9sultat, l'utilisateur du service peut consid\u00e9rer l'acc\u00e8s \u00e0 son site web ou \u00e0 ses fonctions individuelles comme humain ou potentiellement non humain.<\/p>\n\n\n\n<p>Pour plus d'informations sur la protection des donn\u00e9es lors de l'utilisation de Friendly Captcha et sur les informations trait\u00e9es dans l'appareil final, veuillez consulter la politique de confidentialit\u00e9 de l'utilisateur du service qui a mis en \u0153uvre Friendly Captcha sur son site web.<\/p>\n\n\n\n<p>\u2705 <strong>Toutes les donn\u00e9es ne seront utilis\u00e9es que pour identifier et traiter les bots et les risques potentiels d\u00e9crits ci-dessus. La finalit\u00e9 du traitement est donc d'assurer la s\u00e9curit\u00e9 et la fonctionnalit\u00e9 des sites web.<\/strong><\/p>\n\n\n\n<p>\u2705 <strong>Friendly Captcha n'utilise pas les donn\u00e9es pour identifier une personne physique ou \u00e0 des fins de marketing.<\/strong><\/p>\n\n\n\n<p>\u2705 <strong>Friendly Captcha ne stocke pas les donn\u00e9es personnelles des visiteurs. Les donn\u00e9es susceptibles d'identifier le visiteur, telles que les adresses IP, sont rendues anonymes par un syst\u00e8me de hachage \u00e0 sens unique.<\/strong><\/p>\n\n\n\n<p>\u2705 <strong>Friendly Captcha n'utilise pas de cookies HTTP et ne stocke aucune donn\u00e9e dans la m\u00e9moire persistante du navigateur.<\/strong><\/p>\n\n\n\n<div style=\"height:30px\" aria-hidden=\"true\" class=\"wp-block-spacer\"><\/div>\n\n\n\n<p>Contr\u00f4leur de donn\u00e9es : Utilisateur du service qui a int\u00e9gr\u00e9 Friendly Captcha<br>Responsable du traitement : Friendly Captcha GmbH<br>D\u00e9l\u00e9gu\u00e9 \u00e0 la protection des donn\u00e9es : Sebastian Kraska, IITR Datenschutz GmbH<br>Contact technique : Guido Zuidhof<br>Contact commercial : Benedict Padberg<br>Adresse : Am Anger 3-5, 82237 Woerthsee, Allemagne<br>Courriel : privacy\uff20friendlycaptcha.com<\/p>\n\n\n\n<p>Cette politique entre en vigueur le 1er mai 2024.<\/p>","protected":false},"excerpt":{"rendered":"<p>Friendly Captcha protects websites and online services from spam and abuse. Using proof-of-work, our solution employs a fundamentally new approach to spam prevention and therefore does not depend on tracking users and exploiting personal data. Your privacy is critically important to us. At Friendly Captcha, we have a few fundamental principles: Below you will find [&hellip;]<\/p>\n","protected":false},"author":1,"featured_media":0,"parent":1877,"menu_order":0,"comment_status":"closed","ping_status":"closed","template":"","meta":{"inline_featured_image":false,"footnotes":""},"class_list":["post-1881","page","type-page","status-publish","hentry"],"_links":{"self":[{"href":"https:\/\/friendlycaptcha.com\/fr\/wp-json\/wp\/v2\/pages\/1881","targetHints":{"allow":["GET"]}}],"collection":[{"href":"https:\/\/friendlycaptcha.com\/fr\/wp-json\/wp\/v2\/pages"}],"about":[{"href":"https:\/\/friendlycaptcha.com\/fr\/wp-json\/wp\/v2\/types\/page"}],"author":[{"embeddable":true,"href":"https:\/\/friendlycaptcha.com\/fr\/wp-json\/wp\/v2\/users\/1"}],"replies":[{"embeddable":true,"href":"https:\/\/friendlycaptcha.com\/fr\/wp-json\/wp\/v2\/comments?post=1881"}],"version-history":[{"count":0,"href":"https:\/\/friendlycaptcha.com\/fr\/wp-json\/wp\/v2\/pages\/1881\/revisions"}],"up":[{"embeddable":true,"href":"https:\/\/friendlycaptcha.com\/fr\/wp-json\/wp\/v2\/pages\/1877"}],"wp:attachment":[{"href":"https:\/\/friendlycaptcha.com\/fr\/wp-json\/wp\/v2\/media?parent=1881"}],"curies":[{"name":"wp","href":"https:\/\/api.w.org\/{rel}","templated":true}]}}