{"id":1971,"date":"2021-02-16T11:12:08","date_gmt":"2021-02-16T11:12:08","guid":{"rendered":"https:\/\/web.friendlycaptcha.com\/?page_id=1971"},"modified":"2024-04-23T14:51:52","modified_gmt":"2024-04-23T12:51:52","slug":"cookies-service-users","status":"publish","type":"page","link":"https:\/\/friendlycaptcha.com\/fr\/legal\/cookies-service-users\/","title":{"rendered":"Politique en mati\u00e8re de cookies pour les utilisateurs du service"},"content":{"rendered":"<p>Friendly Captcha prot\u00e8ge les sites web et les services en ligne contre le spam et les abus. En utilisant la preuve de travail, notre solution emploie une approche fondamentalement nouvelle de la pr\u00e9vention du spam et ne d\u00e9pend donc pas du suivi des utilisateurs et de l'exploitation des donn\u00e9es personnelles.<\/p>\n\n\n\n<p>Nous sommes un service de protection de la vie priv\u00e9e. Nous n'utilisons que le nombre minimum de cookies n\u00e9cessaires pour vous aider \u00e0 am\u00e9liorer votre exp\u00e9rience en mati\u00e8re de <a href=\"https:\/\/friendlycaptcha.com\/fr\/\">https:\/\/friendlycaptcha.com<\/a>. Cette politique en mati\u00e8re de cookies fait partie de la politique de confidentialit\u00e9 de Friendly Captcha GmbH et couvre l'utilisation de cookies entre votre appareil et notre site.<\/p>\n\n\n\n<p>Les utilisateurs du service sont ceux qui int\u00e8grent notre service dans leur site web.<br>Les utilisateurs finaux sont des personnes qui interagissent avec notre service par l'interm\u00e9diaire des sites web de nos utilisateurs de services.<\/p>\n\n\n\n<p class=\"translation-block\">La pr\u00e9sente politique de confidentialit\u00e9 n'est valable que pour les utilisateurs de services. Notre solution pour l'utilisateur final n'utilise pas de cookies HTTP et ne stocke pas de donn\u00e9es dans la m\u00e9moire permanente du navigateur.<\/p>\n\n\n\n<h3 class=\"wp-block-heading\">Qu'est-ce qu'un cookie ?<\/h3>\n\n\n\n<p>Un cookie est un petit \u00e9l\u00e9ment de donn\u00e9es qu'un site web stocke sur votre appareil lorsque vous le visitez. Il contient g\u00e9n\u00e9ralement des informations sur le site web lui-m\u00eame, un identifiant unique qui permet au site de reconna\u00eetre votre navigateur web lorsque vous revenez, des donn\u00e9es suppl\u00e9mentaires qui servent l'objectif du cookie, et la dur\u00e9e de vie du cookie lui-m\u00eame.<\/p>\n\n\n\n<p>Les cookies sont utilis\u00e9s pour activer certaines fonctions (par exemple, la connexion), pour suivre l'utilisation du site (par exemple, l'analyse), pour stocker vos param\u00e8tres d'utilisateur (par exemple, le fuseau horaire, les pr\u00e9f\u00e9rences de notification) et pour personnaliser votre contenu (par exemple, la publicit\u00e9, la langue).<\/p>\n\n\n\n<p>Les cookies mis en place par le site web que vous visitez sont normalement appel\u00e9s \"cookies de premi\u00e8re partie\" et ne suivent g\u00e9n\u00e9ralement que votre activit\u00e9 sur ce site particulier. Les cookies mis en place par d'autres sites et entreprises (c'est-\u00e0-dire des tiers) sont appel\u00e9s \"cookies de tiers\" et peuvent \u00eatre utilis\u00e9s pour vous suivre sur d'autres sites web qui utilisent le m\u00eame service de tiers.<\/p>\n\n\n\n<h3 class=\"wp-block-heading\">Types de cookies et leur utilisation<\/h3>\n\n\n\n<p><strong>Cookies fonctionnels<\/strong><\/p>\n\n\n\n<p>Les cookies fonctionnels sont essentiels \u00e0 votre exp\u00e9rience d'un site web, car ils permettent des fonctions essentielles telles que la connexion des utilisateurs, la gestion des comptes, la s\u00e9curit\u00e9, le r\u00e9glage de la langue et le traitement des paiements. <\/p>\n\n\n\n<p>Nous n'utilisons que des cookies fonctionnels essentiels pour permettre ces fonctions sur notre site web.<\/p>\n\n\n\n<p>Les donn\u00e9es suivantes ne sont stock\u00e9es dans la m\u00e9moire de session du navigateur que pour la dur\u00e9e de la session du navigateur et sont essentielles pour assurer la s\u00e9curit\u00e9 du site web :&nbsp;<\/p>\n\n\n\n<p>Un identifiant de session pour les connexions des utilisateurs et la gestion des comptes (__Host-x-frc-session), un identifiant de session al\u00e9atoire (frc_sid), le nombre de chargements des modules logiciels de protection (frc_sc), le nombre de demandes et de tentatives de connexion r\u00e9p\u00e9t\u00e9es (frc_rc), ainsi que les solutions aux \u00e9nigmes et leur contexte de solution (frc_sol).&nbsp;<\/p>\n\n\n\n<p class=\"translation-block\">Nous ne pla\u00e7ons pas de cookies HTTP et nous ne stockons aucune donn\u00e9e dans la m\u00e9moire permanente du navigateur.<\/p>\n\n\n\n<p><strong>Cookies de performance<\/strong><\/p>\n\n\n\n<p>Les cookies de performance sont utilis\u00e9s pour suivre la fa\u00e7on dont vous utilisez un site web au cours de votre visite.<\/p>\n\n\n\n<p class=\"translation-block\">Nous n'utilisons pas de cookies de performance sur notre site.<\/p>\n\n\n\n<p><strong>Cookies publicitaires<\/strong><\/p>\n\n\n\n<p>Les cookies publicitaires sont utilis\u00e9s pour d\u00e9terminer quel contenu promotionnel est le plus pertinent et le plus appropri\u00e9 pour vous et vos int\u00e9r\u00eats. Ces cookies peuvent \u00eatre install\u00e9s par le site web que vous visitez (premi\u00e8re partie) ou par des services tiers.<\/p>\n\n\n\n<p class=\"translation-block\">Nous n'utilisons pas de cookies publicitaires sur notre site.<\/p>\n\n\n\n<p><strong>Cookies de tiers<\/strong><\/p>\n\n\n\n<p>Les cookies tiers peuvent \u00eatre utilis\u00e9s pour vous suivre sur d'autres sites web qui utilisent le m\u00eame service tiers.<\/p>\n\n\n\n<p class=\"translation-block\">Nous n'utilisons pas de cookies de tiers sur notre site.<\/p>\n\n\n\n<h3 class=\"wp-block-heading\">Comment vous pouvez contr\u00f4ler ou refuser les cookies<\/h3>\n\n\n\n<p>Si vous ne souhaitez pas accepter les cookies, vous pouvez demander \u00e0 votre navigateur de les refuser. La plupart des navigateurs sont configur\u00e9s pour accepter les cookies par d\u00e9faut, mais vous pouvez modifier ces param\u00e8tres pour refuser compl\u00e8tement les cookies ou pour vous avertir lorsqu'un site web tente d'installer ou de mettre \u00e0 jour un cookie. Vous pouvez g\u00e9rer et supprimer les cookies comme vous le souhaitez - pour plus de d\u00e9tails, voir <a href=\"https:\/\/www.aboutcookies.org\" target=\"_blank\" rel=\"noopener\">https:\/\/www.aboutcookies.org<\/a>.<\/p>\n\n\n\n<p>Si vous naviguez sur des sites web \u00e0 partir de plusieurs appareils, il se peut que vous deviez mettre \u00e0 jour vos param\u00e8tres sur chacun d'entre eux.<\/p>\n\n\n\n<p>Bien que certains cookies puissent \u00eatre bloqu\u00e9s sans grande incidence sur votre exp\u00e9rience d'un site web, le blocage de tous les cookies peut signifier que vous ne pouvez pas acc\u00e9der \u00e0 certaines fonctionnalit\u00e9s et \u00e0 certains contenus sur les sites que vous visitez.<\/p>","protected":false},"excerpt":{"rendered":"<p>Friendly Captcha protects websites and online services from spam and abuse. Using proof-of-work, our solution employs a fundamentally new approach to spam prevention and therefore does not depend on tracking users and exploiting personal data. We are a privacy-first service. We use only the smallest necessary number of cookies to help improve your experience of [&hellip;]<\/p>\n","protected":false},"author":1,"featured_media":0,"parent":1877,"menu_order":0,"comment_status":"closed","ping_status":"closed","template":"","meta":{"inline_featured_image":false,"footnotes":""},"class_list":["post-1971","page","type-page","status-publish","hentry"],"_links":{"self":[{"href":"https:\/\/friendlycaptcha.com\/fr\/wp-json\/wp\/v2\/pages\/1971","targetHints":{"allow":["GET"]}}],"collection":[{"href":"https:\/\/friendlycaptcha.com\/fr\/wp-json\/wp\/v2\/pages"}],"about":[{"href":"https:\/\/friendlycaptcha.com\/fr\/wp-json\/wp\/v2\/types\/page"}],"author":[{"embeddable":true,"href":"https:\/\/friendlycaptcha.com\/fr\/wp-json\/wp\/v2\/users\/1"}],"replies":[{"embeddable":true,"href":"https:\/\/friendlycaptcha.com\/fr\/wp-json\/wp\/v2\/comments?post=1971"}],"version-history":[{"count":0,"href":"https:\/\/friendlycaptcha.com\/fr\/wp-json\/wp\/v2\/pages\/1971\/revisions"}],"up":[{"embeddable":true,"href":"https:\/\/friendlycaptcha.com\/fr\/wp-json\/wp\/v2\/pages\/1877"}],"wp:attachment":[{"href":"https:\/\/friendlycaptcha.com\/fr\/wp-json\/wp\/v2\/media?parent=1971"}],"curies":[{"name":"wp","href":"https:\/\/api.w.org\/{rel}","templated":true}]}}