{"id":2002,"date":"2021-02-16T11:43:58","date_gmt":"2021-02-16T11:43:58","guid":{"rendered":"https:\/\/web.friendlycaptcha.com\/?page_id=2002"},"modified":"2025-02-04T14:24:02","modified_gmt":"2025-02-04T13:24:02","slug":"imprint","status":"publish","type":"page","link":"https:\/\/friendlycaptcha.com\/pt\/legal\/imprint\/","title":{"rendered":"Impress\u00e3o"},"content":{"rendered":"<p>Friendly Captcha GmbH<br>Estou com raiva 3-5<br>82237 Woerthsee<br>Alemanha<\/p>\n\n\n\n<h4 class=\"wp-block-heading\">Contacto<\/h4>\n\n\n\n<p>Procura apoio? <a href=\"\/pt\/support\/\">Visitar o centro de assist\u00eancia<\/a><br>Tem alguma pergunta? <a href=\"\/pt\/contact\/sales\/\">Contactar o servi\u00e7o comercial<\/a><\/p>\n\n\n\n<p>Tenha em aten\u00e7\u00e3o que n\u00e3o prestamos apoio telef\u00f3nico.<br>Estamos \u00e0 sua disposi\u00e7\u00e3o de forma r\u00e1pida e fi\u00e1vel atrav\u00e9s do formul\u00e1rio online.<\/p>\n\n\n\nTelefone: +49 89 21 54 8 11 80<br>\nCorreio eletr\u00f3nico: hello@friendlycaptcha.com<br>\nWeb: www.friendlycaptcha.com\n\n\n\n<h4 class=\"wp-block-heading\">Marcas registadas<\/h4>\n\n\n\n<p>Friendly Captcha\u00ae, FriendlyCaptcha\u00ae, Prevent Bots. Ensure Privacy.\u2122 e o s\u00edmbolo Friendly Captcha\u00ae s\u00e3o marcas registadas da Friendly Captcha GmbH e n\u00e3o podem ser utilizadas sem a aprova\u00e7\u00e3o por escrito do detentor dos direitos.<\/p>\n\n\n\n<h4 class=\"wp-block-heading\">Ag\u00eancia de branding<\/h4>\n\n\n\n<p>Esta experi\u00eancia de marca multim\u00e9dia foi concebida por <a href=\"https:\/\/interlink.org\/?utm_source=existingclient&amp;utm_medium=imprint&amp;utm_campaign=brandexperience&amp;utm_content=textlink\" target=\"_blank\" rel=\"noreferrer noopener\">Interliga\u00e7\u00e3o<\/a>.<\/p>\n\n\n\n<h4 class=\"wp-block-heading\">Dire\u00e7\u00e3o executiva<\/h4>\n\n\n\n<p>Diretor-geral: Benedict A. Padberg<\/p>\n\n\n\n<h4 class=\"wp-block-heading\">Registo de entrada<\/h4>\n\n\n\n<p>N\u00famero de registo: HRB 260542<br>Tribunal de registo: Munique, Alemanha<\/p>\n\n\n\n<h4 class=\"wp-block-heading\">N\u00famero de IVA<\/h4>\n\n\n\n<p>DE 337258605<\/p>\n\n\n\n<h4 class=\"wp-block-heading\">Editor jur\u00eddico<\/h4>\n\n\n\n<p>Friendly Captcha GmbH<br>Estou com raiva 3-5<br>82237 Woerthsee<br>Alemanha<\/p>\n\n\n\n<h4 class=\"wp-block-heading\">Respons\u00e1vel pela prote\u00e7\u00e3o de dados<\/h4>\n\n\n\n<p>Dr. Sebastian Kraska<br>IITR Datenschutz GmbH<\/p>\n\n\n\n<h4 class=\"wp-block-heading\">Fontes de imagens e gr\u00e1ficos<\/h4>\n\n\n\n<p><a href=\"https:\/\/friendlycaptcha.com\/pt\/\" data-type=\"link\" data-id=\"https:\/\/friendlycaptcha.com\">Friendly Captcha<\/a><\/p>\n\n\n\n<p><a href=\"https:\/\/interlink.org\/?utm_source=existingclient&amp;utm_medium=imprint&amp;utm_campaign=imagesource&amp;utm_content=textlink\" data-type=\"link\" data-id=\"https:\/\/interlink.org\/?utm_source=existingclient&amp;utm_medium=imprint&amp;utm_campaign=imagesource&amp;utm_content=textlink\" target=\"_blank\" rel=\"noopener\">Organiza\u00e7\u00e3o Interlink<\/a><\/p>\n\n\n\n<p><a href=\"https:\/\/interlinkspace.com\" data-type=\"link\" data-id=\"https:\/\/interlinkspace.com\" target=\"_blank\" rel=\"noopener\">Interlink Coworking Space Munique<\/a><\/p>\n\n\n\n<h4 class=\"wp-block-heading\">Declara\u00e7\u00e3o de exonera\u00e7\u00e3o de responsabilidade<\/h4>\n\n\n\n<h5 class=\"wp-block-heading\">Responsabilidade pelo conte\u00fado<\/h5>\n\n\n\n<p>O conte\u00fado das nossas p\u00e1ginas foi criado com o maior cuidado. No entanto, n\u00e3o podemos garantir a exatid\u00e3o, integridade ou atualidade dos conte\u00fados. De acordo com as disposi\u00e7\u00f5es legais, somos ainda respons\u00e1veis pelo nosso pr\u00f3prio conte\u00fado nestas p\u00e1ginas web. Neste contexto, note-se que n\u00e3o somos obrigados a controlar apenas as informa\u00e7\u00f5es transmitidas ou guardadas por terceiros, nem a investigar circunst\u00e2ncias que apontem para actividades ilegais.<\/p>\n\n\n\n<h5 class=\"wp-block-heading\">Responsabilidade pelas liga\u00e7\u00f5es<\/h5>\n\n\n\n<p>A responsabilidade pelo conte\u00fado das hiperliga\u00e7\u00f5es externas (para p\u00e1ginas Web de terceiros) cabe exclusivamente aos operadores das p\u00e1ginas hiperligadas. No momento da coloca\u00e7\u00e3o da hiperliga\u00e7\u00e3o, n\u00e3o nos foi comunicada qualquer infra\u00e7\u00e3o. Se tivermos conhecimento de qualquer infra\u00e7\u00e3o legal, removeremos imediatamente a respectiva liga\u00e7\u00e3o.<\/p>\n\n\n\n<h5 class=\"wp-block-heading\">Direitos de autor<\/h5>\n\n\n\n<p>As nossas p\u00e1ginas web e os seus conte\u00fados est\u00e3o sujeitos \u00e0 lei alem\u00e3 de direitos de autor. A menos que expressamente permitido por lei, qualquer forma de utiliza\u00e7\u00e3o, reprodu\u00e7\u00e3o ou processamento de obras sujeitas a prote\u00e7\u00e3o de direitos de autor nas nossas p\u00e1ginas Web requer o consentimento pr\u00e9vio do respetivo propriet\u00e1rio dos direitos. As reprodu\u00e7\u00f5es individuais de uma obra s\u00f3 s\u00e3o permitidas para uso privado, pelo que n\u00e3o devem servir, direta ou indiretamente, para fins lucrativos. A utiliza\u00e7\u00e3o n\u00e3o autorizada de obras protegidas por direitos de autor \u00e9 pun\u00edvel.<\/p>","protected":false},"excerpt":{"rendered":"<p>Friendly Captcha GmbHAm Anger 3-582237 WoerthseeGermany Contact Looking for support? Visit support centerHave any questions? Contact sales team Please note that we do not provide phone support.We are quickly and reliably there for you via online form. Phone: +49 89 21 54 8 11 80 Email: &#104;&#101;&#108;&#108;&#111;&#64;&#102;&#114;&#105;&#101;&#110;&#100;&#108;&#121;&#99;&#97;&#112;&#116;&#99;&#104;&#97;&#46;&#99;&#111;&#109; Web: www.friendlycaptcha.com Trademarks Friendly Captcha\u00ae, FriendlyCaptcha\u00ae, Prevent Bots. [&hellip;]<\/p>\n","protected":false},"author":1,"featured_media":0,"parent":1877,"menu_order":0,"comment_status":"closed","ping_status":"closed","template":"","meta":{"inline_featured_image":false,"footnotes":""},"class_list":["post-2002","page","type-page","status-publish","hentry"],"_links":{"self":[{"href":"https:\/\/friendlycaptcha.com\/pt\/wp-json\/wp\/v2\/pages\/2002","targetHints":{"allow":["GET"]}}],"collection":[{"href":"https:\/\/friendlycaptcha.com\/pt\/wp-json\/wp\/v2\/pages"}],"about":[{"href":"https:\/\/friendlycaptcha.com\/pt\/wp-json\/wp\/v2\/types\/page"}],"author":[{"embeddable":true,"href":"https:\/\/friendlycaptcha.com\/pt\/wp-json\/wp\/v2\/users\/1"}],"replies":[{"embeddable":true,"href":"https:\/\/friendlycaptcha.com\/pt\/wp-json\/wp\/v2\/comments?post=2002"}],"version-history":[{"count":0,"href":"https:\/\/friendlycaptcha.com\/pt\/wp-json\/wp\/v2\/pages\/2002\/revisions"}],"up":[{"embeddable":true,"href":"https:\/\/friendlycaptcha.com\/pt\/wp-json\/wp\/v2\/pages\/1877"}],"wp:attachment":[{"href":"https:\/\/friendlycaptcha.com\/pt\/wp-json\/wp\/v2\/media?parent=2002"}],"curies":[{"name":"wp","href":"https:\/\/api.w.org\/{rel}","templated":true}]}}