{"id":7045,"date":"2024-03-14T16:14:17","date_gmt":"2024-03-14T15:14:17","guid":{"rendered":"https:\/\/friendlycaptcha.com\/?page_id=7045"},"modified":"2025-02-07T15:56:44","modified_gmt":"2025-02-07T14:56:44","slug":"growth","status":"publish","type":"page","link":"https:\/\/friendlycaptcha.com\/pt\/signup\/account\/growth\/","title":{"rendered":"Criar conta - Growth"},"content":{"rendered":"<div data-elementor-type=\"wp-page\" data-elementor-id=\"7045\" class=\"elementor elementor-7045\" data-elementor-post-type=\"page\">\n\t\t\t\t\t\t<section class=\"elementor-section elementor-top-section elementor-element elementor-element-1a6a5c2 elementor-reverse-mobile elementor-section-boxed elementor-section-height-default elementor-section-height-default\" data-id=\"1a6a5c2\" data-element_type=\"section\" data-e-type=\"section\" data-settings=\"{&quot;background_background&quot;:&quot;classic&quot;}\">\n\t\t\t\t\t\t<div class=\"elementor-container elementor-column-gap-default\">\n\t\t\t\t\t<div class=\"elementor-column elementor-col-50 elementor-top-column elementor-element elementor-element-2ab7a19\" data-id=\"2ab7a19\" data-element_type=\"column\" data-e-type=\"column\">\n\t\t\t<div class=\"elementor-widget-wrap elementor-element-populated\">\n\t\t\t\t\t\t<div class=\"elementor-element elementor-element-a8466fd elementor-position-inline-start elementor-view-default elementor-mobile-position-block-start elementor-widget elementor-widget-icon-box\" data-id=\"a8466fd\" data-element_type=\"widget\" data-e-type=\"widget\" data-widget_type=\"icon-box.default\">\n\t\t\t\t<div class=\"elementor-widget-container\">\n\t\t\t\t\t\t\t<div class=\"elementor-icon-box-wrapper\">\n\n\t\t\t\t\t\t<div class=\"elementor-icon-box-icon\">\n\t\t\t\t<span  class=\"elementor-icon\">\n\t\t\t\t<svg xmlns=\"http:\/\/www.w3.org\/2000\/svg\" viewbox=\"0 0 30 30\" width=\"30px\" height=\"30px\"><path d=\"M 6 4 C 4.895 4 4 4.895 4 6 L 4 9 C 4 9.552 4.448 10 5 10 L 25 10 C 25.552 10 26 9.552 26 9 L 26 6 C 26 4.895 25.105 4 24 4 L 6 4 z M 5 12 C 4.448 12 4 12.448 4 13 L 4 17 C 4 17.552 4.448 18 5 18 L 14.039062 18 C 14.227063 16.687 15.142828 15.583734 16.423828 15.177734 C 16.569828 15.129734 20.028 14 23 14 C 23.994 14 25.04 14.126875 26 14.296875 L 26 13 C 26 12.448 25.552 12 25 12 L 5 12 z M 23 16 C 20.315 16 17.048828 17.076172 17.048828 17.076172 C 16.441828 17.268172 16 17.83 16 18.5 L 16 21.25 C 16 27.25 22.431641 29.886719 22.431641 29.886719 C 22.607641 29.958719 22.798 30 23 30 C 23.202 30 23.392359 29.958719 23.568359 29.886719 C 23.568359 29.886719 30 27.25 30 21.25 L 30 18.5 C 30 17.83 29.558172 17.268172 28.951172 17.076172 C 28.951172 17.076172 25.685 16 23 16 z M 5 20 C 4.448 20 4 20.448 4 21 L 4 24 C 4 25.105 4.895 26 6 26 L 15.195312 26 C 14.479312 24.672 14 23.097 14 21.25 L 14 20 L 5 20 z\"><\/path><\/svg>\t\t\t\t<\/span>\n\t\t\t<\/div>\n\t\t\t\n\t\t\t\t\t\t<div class=\"elementor-icon-box-content\">\n\n\t\t\t\t\t\t\t\t\t<h3 class=\"elementor-icon-box-title\">\n\t\t\t\t\t\t<span  >\n\t\t\t\t\t\t\tDefenda-se contra bots\t\t\t\t\t\t<\/span>\n\t\t\t\t\t<\/h3>\n\t\t\t\t\n\t\t\t\t\t\t\t\t\t<p class=\"elementor-icon-box-description\">\n\t\t\t\t\t\tCom base nos mecanismos subjacentes do blockchain, o Friendly Captcha impede spam e abusos de forma consistente.\t\t\t\t\t<\/p>\n\t\t\t\t\n\t\t\t<\/div>\n\t\t\t\n\t\t<\/div>\n\t\t\t\t\t\t<\/div>\n\t\t\t\t<\/div>\n\t\t\t\t<div class=\"elementor-element elementor-element-e54e7ab elementor-position-inline-start elementor-view-default elementor-mobile-position-block-start elementor-widget elementor-widget-icon-box\" data-id=\"e54e7ab\" data-element_type=\"widget\" data-e-type=\"widget\" data-widget_type=\"icon-box.default\">\n\t\t\t\t<div class=\"elementor-widget-container\">\n\t\t\t\t\t\t\t<div class=\"elementor-icon-box-wrapper\">\n\n\t\t\t\t\t\t<div class=\"elementor-icon-box-icon\">\n\t\t\t\t<span  class=\"elementor-icon\">\n\t\t\t\t<svg xmlns=\"http:\/\/www.w3.org\/2000\/svg\" viewbox=\"0 0 30 30\" width=\"30px\" height=\"30px\"><path d=\"M 15 2 C 11.145666 2 8 5.1456661 8 9 L 8 11 L 6 11 C 4.895 11 4 11.895 4 13 L 4 25 C 4 26.105 4.895 27 6 27 L 24 27 C 25.105 27 26 26.105 26 25 L 26 13 C 26 11.895 25.105 11 24 11 L 10 11 L 10 9 C 10 6.2263339 12.226334 4 15 4 C 17.184344 4 19.022854 5.3946656 19.708984 7.3339844 A 1.0001 1.0001 0 1 0 21.59375 6.6660156 C 20.631881 3.9473344 18.037656 2 15 2 z\"><\/path><\/svg>\t\t\t\t<\/span>\n\t\t\t<\/div>\n\t\t\t\n\t\t\t\t\t\t<div class=\"elementor-icon-box-content\">\n\n\t\t\t\t\t\t\t\t\t<h3 class=\"elementor-icon-box-title\">\n\t\t\t\t\t\t<span  >\n\t\t\t\t\t\t\tPrivacidade dos seus usu\u00e1rios\t\t\t\t\t\t<\/span>\n\t\t\t\t\t<\/h3>\n\t\t\t\t\n\t\t\t\t\t\t\t\t\t<p class=\"elementor-icon-box-description\">\n\t\t\t\t\t\tO Friendly Captcha d\u00e1 prioridade \u00e0 privacidade e est\u00e1 totalmente em conformidade com o RGPD. N\u00e3o usamos cookies nem armazenamos dados pessoais dos utilizadores.\t\t\t\t\t<\/p>\n\t\t\t\t\n\t\t\t<\/div>\n\t\t\t\n\t\t<\/div>\n\t\t\t\t\t\t<\/div>\n\t\t\t\t<\/div>\n\t\t\t\t<div class=\"elementor-element elementor-element-e91e7ff elementor-position-inline-start elementor-view-default elementor-mobile-position-block-start elementor-widget elementor-widget-icon-box\" data-id=\"e91e7ff\" data-element_type=\"widget\" data-e-type=\"widget\" data-widget_type=\"icon-box.default\">\n\t\t\t\t<div class=\"elementor-widget-container\">\n\t\t\t\t\t\t\t<div class=\"elementor-icon-box-wrapper\">\n\n\t\t\t\t\t\t<div class=\"elementor-icon-box-icon\">\n\t\t\t\t<span  class=\"elementor-icon\">\n\t\t\t\t<svg xmlns=\"http:\/\/www.w3.org\/2000\/svg\" viewbox=\"0 0 30 30\" width=\"30px\" height=\"30px\"><path d=\"M 14.984375 0.98632812 A 1.0001 1.0001 0 0 0 14 2 L 14 5 A 1.0001 1.0001 0 1 0 16 5 L 16 2 A 1.0001 1.0001 0 0 0 14.984375 0.98632812 z M 5.796875 4.7988281 A 1.0001 1.0001 0 0 0 5.1015625 6.515625 L 7.2226562 8.6367188 A 1.0001 1.0001 0 1 0 8.6367188 7.2226562 L 6.515625 5.1015625 A 1.0001 1.0001 0 0 0 5.796875 4.7988281 z M 24.171875 4.7988281 A 1.0001 1.0001 0 0 0 23.484375 5.1015625 L 21.363281 7.2226562 A 1.0001 1.0001 0 1 0 22.777344 8.6367188 L 24.898438 6.515625 A 1.0001 1.0001 0 0 0 24.171875 4.7988281 z M 15 8 A 7 7 0 0 0 8 15 A 7 7 0 0 0 15 22 A 7 7 0 0 0 22 15 A 7 7 0 0 0 15 8 z M 2 14 A 1.0001 1.0001 0 1 0 2 16 L 5 16 A 1.0001 1.0001 0 1 0 5 14 L 2 14 z M 25 14 A 1.0001 1.0001 0 1 0 25 16 L 28 16 A 1.0001 1.0001 0 1 0 28 14 L 25 14 z M 7.9101562 21.060547 A 1.0001 1.0001 0 0 0 7.2226562 21.363281 L 5.1015625 23.484375 A 1.0001 1.0001 0 1 0 6.515625 24.898438 L 8.6367188 22.777344 A 1.0001 1.0001 0 0 0 7.9101562 21.060547 z M 22.060547 21.060547 A 1.0001 1.0001 0 0 0 21.363281 22.777344 L 23.484375 24.898438 A 1.0001 1.0001 0 1 0 24.898438 23.484375 L 22.777344 21.363281 A 1.0001 1.0001 0 0 0 22.060547 21.060547 z M 14.984375 23.986328 A 1.0001 1.0001 0 0 0 14 25 L 14 28 A 1.0001 1.0001 0 1 0 16 28 L 16 25 A 1.0001 1.0001 0 0 0 14.984375 23.986328 z\"><\/path><\/svg>\t\t\t\t<\/span>\n\t\t\t<\/div>\n\t\t\t\n\t\t\t\t\t\t<div class=\"elementor-icon-box-content\">\n\n\t\t\t\t\t\t\t\t\t<h3 class=\"elementor-icon-box-title\">\n\t\t\t\t\t\t<span  >\n\t\t\t\t\t\t\tMelhore a experi\u00eancia\t\t\t\t\t\t<\/span>\n\t\t\t\t\t<\/h3>\n\t\t\t\t\n\t\t\t\t\t\t\t\t\t<p class=\"elementor-icon-box-description\">\n\t\t\t\t\t\tO Friendly Captcha \u00e9 completamente automatizado e totalmente acess\u00edvel. Os seus utilizadores n\u00e3o precisam de lidar com tarefas de etiquetagem entediantes.\t\t\t\t\t<\/p>\n\t\t\t\t\n\t\t\t<\/div>\n\t\t\t\n\t\t<\/div>\n\t\t\t\t\t\t<\/div>\n\t\t\t\t<\/div>\n\t\t\t\t\t<\/div>\n\t\t<\/div>\n\t\t\t\t<div class=\"elementor-column elementor-col-50 elementor-top-column elementor-element elementor-element-6039ca9\" data-id=\"6039ca9\" data-element_type=\"column\" data-e-type=\"column\">\n\t\t\t<div class=\"elementor-widget-wrap elementor-element-populated\">\n\t\t\t\t\t\t<section class=\"elementor-section elementor-inner-section elementor-element elementor-element-ab4a934 elementor-section-boxed elementor-section-height-default elementor-section-height-default\" data-id=\"ab4a934\" data-element_type=\"section\" data-e-type=\"section\" data-settings=\"{&quot;background_background&quot;:&quot;classic&quot;}\">\n\t\t\t\t\t\t<div class=\"elementor-container elementor-column-gap-default\">\n\t\t\t\t\t<div class=\"elementor-column elementor-col-100 elementor-inner-column elementor-element elementor-element-5ca6204\" data-id=\"5ca6204\" data-element_type=\"column\" data-e-type=\"column\">\n\t\t\t<div class=\"elementor-widget-wrap elementor-element-populated\">\n\t\t\t\t\t\t<div class=\"elementor-element elementor-element-3fc4bc9 elementor-widget elementor-widget-heading\" data-id=\"3fc4bc9\" data-element_type=\"widget\" data-e-type=\"widget\" data-widget_type=\"heading.default\">\n\t\t\t\t<div class=\"elementor-widget-container\">\n\t\t\t\t\t<h2 class=\"elementor-heading-title elementor-size-default\">30 dias de teste gratuito<\/h2>\t\t\t\t<\/div>\n\t\t\t\t<\/div>\n\t\t\t\t<div class=\"elementor-element elementor-element-9d14b49 elementor-widget elementor-widget-heading\" data-id=\"9d14b49\" data-element_type=\"widget\" data-e-type=\"widget\" data-widget_type=\"heading.default\">\n\t\t\t\t<div class=\"elementor-widget-container\">\n\t\t\t\t\t<p class=\"elementor-heading-title elementor-size-default\">Junte-se a milhares de organiza\u00e7\u00f5es na mudan\u00e7a para uma solu\u00e7\u00e3o antibot com privacidade em primeiro lugar.<\/p>\t\t\t\t<\/div>\n\t\t\t\t<\/div>\n\t\t\t\t<div class=\"elementor-element elementor-element-5dbeee3 elementor-widget elementor-widget-html\" data-id=\"5dbeee3\" data-element_type=\"widget\" data-e-type=\"widget\" data-widget_type=\"html.default\">\n\t\t\t\t<div class=\"elementor-widget-container\">\n\t\t\t\t\t<script type=\"module\" src=\"https:\/\/friendlycaptcha.com\/wp-content\/plugins\/friendly-captcha\/public\/vendor\/v2\/site.min.js\" async defer><\/script>\n<script nomodule src=\"https:\/\/friendlycaptcha.com\/wp-content\/plugins\/friendly-captcha\/public\/vendor\/v2\/site.compat.min.js\" async defer><\/script>\n<form class=\"magic-cta login\" method=\"POST\" action=\"https:\/\/app.friendlycaptcha.eu\/api\/v1\/signup\/start\">\n        <div class=\"inner\">\n            <label class=\"html-label\">E-mail profissional<\/label>\n            <input class=\"html-input\" type=\"email\" name=\"email\" autocomplete=\"email\" placeholder=\"name@company.com\">\n            <div class=\"frc-captcha\" data-sitekey=\"FCMGEMUD2K3JJ36P\" data-api-endpoint=\"eu\"><\/div>\n            <input type=\"hidden\" value=\"growth\" name=\"plan_name\">\n            <button class=\"html-button plausible-event-name=PreSignup plausible-event-plan_name=growth\" type=\"submit\">Criar conta<\/button>\n        <\/div>\n<\/form>\t\t\t\t<\/div>\n\t\t\t\t<\/div>\n\t\t\t\t\t<\/div>\n\t\t<\/div>\n\t\t\t\t\t<\/div>\n\t\t<\/section>\n\t\t\t\t<div class=\"elementor-element elementor-element-aa36256 elementor-widget elementor-widget-text-editor\" data-id=\"aa36256\" data-element_type=\"widget\" data-e-type=\"widget\" data-widget_type=\"text-editor.default\">\n\t\t\t\t<div class=\"elementor-widget-container\">\n\t\t\t\t\t\t\t\t\t<p>J\u00e1 tem uma conta? <a href=\"\/pt\/login\/\">Iniciar sess\u00e3o<\/a><\/p>\t\t\t\t\t\t\t\t<\/div>\n\t\t\t\t<\/div>\n\t\t\t\t\t<\/div>\n\t\t<\/div>\n\t\t\t\t\t<\/div>\n\t\t<\/section>\n\t\t\t\t<\/div>","protected":false},"excerpt":{"rendered":"<p>Defend against bots Based on the underlying mechanisms of the blockchain, Friendly Captcha deters spam and abuse consistently. Protect your users&#8217; privacy Friendly Captcha is privacy-first and fully GDPR-compliant. We neither use cookies nor do we store personal data from users. Improve user experience Friendly Captcha is completely automated and fully accessible. Your users no [&hellip;]<\/p>\n","protected":false},"author":1,"featured_media":0,"parent":6943,"menu_order":0,"comment_status":"closed","ping_status":"closed","template":"","meta":{"inline_featured_image":false,"footnotes":""},"class_list":["post-7045","page","type-page","status-publish","hentry"],"_links":{"self":[{"href":"https:\/\/friendlycaptcha.com\/pt\/wp-json\/wp\/v2\/pages\/7045","targetHints":{"allow":["GET"]}}],"collection":[{"href":"https:\/\/friendlycaptcha.com\/pt\/wp-json\/wp\/v2\/pages"}],"about":[{"href":"https:\/\/friendlycaptcha.com\/pt\/wp-json\/wp\/v2\/types\/page"}],"author":[{"embeddable":true,"href":"https:\/\/friendlycaptcha.com\/pt\/wp-json\/wp\/v2\/users\/1"}],"replies":[{"embeddable":true,"href":"https:\/\/friendlycaptcha.com\/pt\/wp-json\/wp\/v2\/comments?post=7045"}],"version-history":[{"count":0,"href":"https:\/\/friendlycaptcha.com\/pt\/wp-json\/wp\/v2\/pages\/7045\/revisions"}],"up":[{"embeddable":true,"href":"https:\/\/friendlycaptcha.com\/pt\/wp-json\/wp\/v2\/pages\/6943"}],"wp:attachment":[{"href":"https:\/\/friendlycaptcha.com\/pt\/wp-json\/wp\/v2\/media?parent=7045"}],"curies":[{"name":"wp","href":"https:\/\/api.w.org\/{rel}","templated":true}]}}